{"id":508,"date":"2024-12-17T09:52:17","date_gmt":"2024-12-17T09:52:17","guid":{"rendered":"https:\/\/accaddeacortina.unamontagnadilibri.it\/homepage\/"},"modified":"2025-02-04T14:11:45","modified_gmt":"2025-02-04T14:11:45","slug":"homepage","status":"publish","type":"page","link":"https:\/\/accaddeacortina.unamontagnadilibri.it\/amp\/","title":{"rendered":"homepage"},"content":{"rendered":"<p>Anpezo l \u00e8 senpre st\u00e0 in lu\u00f2 agnoche s\u2019\u00e0 incroj\u00e0 trope scritore.<\/p>\n<p>A met\u00e0 del otozento, l \u00e0 scomenz\u00e0 a vegn\u00ec sciore par conosce ra belezes de ra nostra tera, da p\u00ec de un secol ra nostra val r\u2019\u00e0 ab\u00f9 scritore da duto el mondo.<\/p>\n<p>Ra mereea de ra crodes, ra montes, i bosche e i prade i \u00e8 stade ispirazion par libre, film e jornalismo. Cosc\u00ec l\u2019\u00e8 suzed\u00f9 che Anpezo l \u00e8 deent\u00e0 un Museo de ra leteratura de ra Dolomites.<\/p>\n<p><b>\u201cAccadde a Cortina\u201d<\/b> l \u00e8 un troi de fantasia con segnai culturai, inze meso ra Dolomites Patrimonio Unesco. Se po\u2019 \u015bir\u00e0 intr\u00e0 i disdoto placate inze i meo luoghe de ra piaza a Cortina e par duta ra val. Se podar\u00e0 ciat\u00e0 e liese paroles de scritore, scenes de film, sonete de poetes. Intr\u00e0 ra curiositas se podar\u00e0 sa\u00e9 che Dino Buzzati aea un gran amor par ra Croda da Lago. Che Ernest Hemingway el s\u2019aea ciat\u00e0 inze piaza na sera d\u2019outon del 1948 con Fernanda Pivano. Che Eugenio Montale l \u00e0 scrito na poesia, algo de bel, sul Lago del Sorapisc. Che Edward Morgan Forster, inze una de ra soa conties, l \u00e0 descrito Anpezo.\u00a0 Che doa femenes int\u00e0 i prime sciore che darsonsea el nosc paes, Amelia Edwards ed Elisabeth Tuchett, \u015b \u00e0 scrito de Anpezo. Che Rachele Padovan anpezana, r \u00e0 azeta\u00e0 inze ra so stua a Salieto gran scritore.<\/p>\n<p>Cuante secrete se conoscelo del nosc paes?<\/p>\n<p>Varda drio dute e 18 i placate on line, zerne fora inze ra mapa, opura va a vede de un scritor inze l\u2019indesc de gnomes. O mangare fejete liese i teste da un ator o na atrice, mangare intanto che te fesc doi pasc \u015b\u00f2 par pede el Lago de Pianozes, o su ra ex farata, o canche te vardes ra val dal sorei del Col Drusci\u00e9.<\/p>\n<p><b>\u201cAccadde a Cortina\u201d<\/b> l \u00e8 un archivio par Talian e Inglese, con na sezion par Ladin Anpezan, che dute po dor\u00e0 ogni ota che i vo. Na idea de Una Montagna di Libri, ra festa de ra leteratura de Cortina d\u2019Anpezo. Fato anche con na bona man del Comun d\u2019Anpezo e ra Rejon de el Veneto e con lore CortinaBanca, ra Cooperativa di Cortina, ra Regoles d\u2019Anpezo, Emons Audiolibri, Elleboro Editore e ra Union de i Ladis de Anpezo.<\/p>\n","protected":false},"excerpt":{"rendered":"<p>Anpezo l \u00e8 senpre st\u00e0 in lu\u00f2 agnoche s\u2019\u00e0 incroj\u00e0 trope scritore. A met\u00e0 del otozento, l \u00e0 scomenz\u00e0 a vegn\u00ec sciore par conosce ra belezes de ra nostra tera, da p\u00ec de un secol ra nostra val r\u2019\u00e0 ab\u00f9 scritore da duto el mondo. Ra mereea de ra crodes, ra montes, i bosche e [&hellip;]<\/p>\n","protected":false},"author":1,"featured_media":0,"parent":0,"menu_order":0,"comment_status":"closed","ping_status":"closed","template":"","meta":{"_acf_changed":false,"inline_featured_image":false,"footnotes":""},"class_list":["post-508","page","type-page","status-publish","hentry"],"acf":[],"_links":{"self":[{"href":"https:\/\/accaddeacortina.unamontagnadilibri.it\/amp\/wp-json\/wp\/v2\/pages\/508","targetHints":{"allow":["GET"]}}],"collection":[{"href":"https:\/\/accaddeacortina.unamontagnadilibri.it\/amp\/wp-json\/wp\/v2\/pages"}],"about":[{"href":"https:\/\/accaddeacortina.unamontagnadilibri.it\/amp\/wp-json\/wp\/v2\/types\/page"}],"author":[{"embeddable":true,"href":"https:\/\/accaddeacortina.unamontagnadilibri.it\/amp\/wp-json\/wp\/v2\/users\/1"}],"replies":[{"embeddable":true,"href":"https:\/\/accaddeacortina.unamontagnadilibri.it\/amp\/wp-json\/wp\/v2\/comments?post=508"}],"version-history":[{"count":1,"href":"https:\/\/accaddeacortina.unamontagnadilibri.it\/amp\/wp-json\/wp\/v2\/pages\/508\/revisions"}],"predecessor-version":[{"id":516,"href":"https:\/\/accaddeacortina.unamontagnadilibri.it\/amp\/wp-json\/wp\/v2\/pages\/508\/revisions\/516"}],"wp:attachment":[{"href":"https:\/\/accaddeacortina.unamontagnadilibri.it\/amp\/wp-json\/wp\/v2\/media?parent=508"}],"curies":[{"name":"wp","href":"https:\/\/api.w.org\/{rel}","templated":true}]}}